{"id":306,"date":"2011-03-01T23:54:13","date_gmt":"2011-03-01T21:54:13","guid":{"rendered":"http:\/\/laufclub-worb.ch\/?page_id=306"},"modified":"2024-01-10T18:00:35","modified_gmt":"2024-01-10T16:00:35","slug":"uber-den-laufclub-worb","status":"publish","type":"page","link":"https:\/\/laufclub-worb.ch\/?page_id=306","title":{"rendered":"Der Laufclub Worb"},"content":{"rendered":"<p style=\"text-align: right;\"><a href=\"http:\/\/laufclub-worb.ch\/b\/wp-content\/uploads\/2019\/08\/2019-08-21_5.jpeg\" rel=\"lightbox[306]\"><img loading=\"lazy\" decoding=\"async\" class=\"size-medium wp-image-1549 alignright\" src=\"http:\/\/laufclub-worb.ch\/b\/wp-content\/uploads\/2019\/08\/2019-08-21_5-300x249.jpeg\" alt=\"2019-08-21_5\" width=\"300\" height=\"249\" srcset=\"https:\/\/laufclub-worb.ch\/b\/wp-content\/uploads\/2019\/08\/2019-08-21_5-300x249.jpeg 300w, https:\/\/laufclub-worb.ch\/b\/wp-content\/uploads\/2019\/08\/2019-08-21_5-1024x849.jpeg 1024w, https:\/\/laufclub-worb.ch\/b\/wp-content\/uploads\/2019\/08\/2019-08-21_5.jpeg 1430w\" sizes=\"(max-width: 300px) 100vw, 300px\" \/><\/a><\/p>\n<p>Seit\u00a01992 Jahren gibt es in Worb den Laufclub, in welchem sich Sportbegeisterte regelm\u00e4ssig zum gemeinsamen Training treffen.<\/p>\n<p>Im\u00a0Durchschnitt sind\u00a0es ca. 15 aktive L\u00e4uferinnen und L\u00e4ufer, welche sich regelm\u00e4ssig am Mittwoch zum Lauftraining treffen.\u00a0Nach dem Einlaufen steht jeweils ein abwechslungsreiches Training auf dem\u00a0Programm. Dieses richtet sich nach den geplanten L\u00e4ufen, z.B. Kerzerslauf, GP von Bern, Z\u00fcrich Marathon, Jungfrau Marathon, Greifenseelauf und vielen mehr.<\/p>\n","protected":false},"excerpt":{"rendered":"<p>Seit\u00a01992 Jahren gibt es in Worb den Laufclub, in welchem sich Sportbegeisterte regelm\u00e4ssig zum gemeinsamen Training treffen. Im\u00a0Durchschnitt sind\u00a0es ca. 15 aktive L\u00e4uferinnen und L\u00e4ufer, welche sich regelm\u00e4ssig am Mittwoch zum Lauftraining treffen.\u00a0Nach dem Einlaufen steht jeweils ein abwechslungsreiches Training auf dem\u00a0Programm. Dieses richtet sich nach den geplanten L\u00e4ufen, z.B. Kerzerslauf, GP von Bern, Z\u00fcrich [&hellip;]<\/p>\n","protected":false},"author":1,"featured_media":0,"parent":4,"menu_order":10,"comment_status":"closed","ping_status":"closed","template":"","meta":{"footnotes":""},"_links":{"self":[{"href":"https:\/\/laufclub-worb.ch\/index.php?rest_route=\/wp\/v2\/pages\/306"}],"collection":[{"href":"https:\/\/laufclub-worb.ch\/index.php?rest_route=\/wp\/v2\/pages"}],"about":[{"href":"https:\/\/laufclub-worb.ch\/index.php?rest_route=\/wp\/v2\/types\/page"}],"author":[{"embeddable":true,"href":"https:\/\/laufclub-worb.ch\/index.php?rest_route=\/wp\/v2\/users\/1"}],"replies":[{"embeddable":true,"href":"https:\/\/laufclub-worb.ch\/index.php?rest_route=%2Fwp%2Fv2%2Fcomments&post=306"}],"version-history":[{"count":25,"href":"https:\/\/laufclub-worb.ch\/index.php?rest_route=\/wp\/v2\/pages\/306\/revisions"}],"predecessor-version":[{"id":1704,"href":"https:\/\/laufclub-worb.ch\/index.php?rest_route=\/wp\/v2\/pages\/306\/revisions\/1704"}],"up":[{"embeddable":true,"href":"https:\/\/laufclub-worb.ch\/index.php?rest_route=\/wp\/v2\/pages\/4"}],"wp:attachment":[{"href":"https:\/\/laufclub-worb.ch\/index.php?rest_route=%2Fwp%2Fv2%2Fmedia&parent=306"}],"curies":[{"name":"wp","href":"https:\/\/api.w.org\/{rel}","templated":true}]}}