{"id":318,"date":"2011-03-02T00:28:48","date_gmt":"2011-03-01T22:28:48","guid":{"rendered":"http:\/\/laufclub-worb.ch\/?page_id=318"},"modified":"2019-08-23T20:18:06","modified_gmt":"2019-08-23T18:18:06","slug":"mitmachen","status":"publish","type":"page","link":"https:\/\/laufclub-worb.ch\/?page_id=318","title":{"rendered":"Mitmachen"},"content":{"rendered":"<p><a href=\"http:\/\/laufclub-worb.ch\/b\/wp-content\/uploads\/2019\/04\/Gruppenfoto.jpeg\" rel=\"lightbox[318]\"><img loading=\"lazy\" decoding=\"async\" src=\"http:\/\/laufclub-worb.ch\/b\/wp-content\/uploads\/2019\/04\/Gruppenfoto-300x225.jpeg\" alt=\"\" width=\"300\" height=\"225\" class=\"alignleft size-medium wp-image-1476\" srcset=\"https:\/\/laufclub-worb.ch\/b\/wp-content\/uploads\/2019\/04\/Gruppenfoto-300x225.jpeg 300w, https:\/\/laufclub-worb.ch\/b\/wp-content\/uploads\/2019\/04\/Gruppenfoto.jpeg 1024w\" sizes=\"(max-width: 300px) 100vw, 300px\" \/><\/a><\/p>\n<h3>Zweck des Laufclubs<\/h3>\n<p>Der Laufclub Worb bezweckt die F\u00f6rderung des Ausdauersports mit Schwerpunkt Laufsport sowie der Pflege der pers\u00f6nlichen Kontakte unter Sportbegeisterten. Schon viele Einsteiger haben dank den regelm\u00e4ssigen Trainings und unter Mithilfe der KollegInnen erfolgreich ihre Fitness gesteigert und laufen heute den Grand Prix von Bern oder den Jungfrau Marathon.<\/p>\n<p>Sehr beliebt ist auch das Hallentraining im Winterhalbjahr, welches sich meist um Kraft und Koordination und nicht zuletzt auch um Spass beim Spiel (z. B. Fussball, Hockey, etc.) dreht.<\/p>\n<h3>Komm auch!<\/h3>\n<p>Laufen mach gemeinsam mehr Spass! Und manchmal geht man dann halt auch, wenn man es alleine bleiben lassen w\u00fcrde. Wir freuen uns jederzeit \u00fcber Neumitglieder. <a href=\"http:\/\/laufclub-worb.ch\/?page_id=2\">Melde dich doch einfach<\/a> oder komm bei einen Training vorbei! Und nein, du musst noch nicht die grosse Sportskanone sein \ud83d\ude09<\/p>\n","protected":false},"excerpt":{"rendered":"<p>Zweck des Laufclubs Der Laufclub Worb bezweckt die F\u00f6rderung des Ausdauersports mit Schwerpunkt Laufsport sowie der Pflege der pers\u00f6nlichen Kontakte unter Sportbegeisterten. Schon viele Einsteiger haben dank den regelm\u00e4ssigen Trainings und unter Mithilfe der KollegInnen erfolgreich ihre Fitness gesteigert und laufen heute den Grand Prix von Bern oder den Jungfrau Marathon. Sehr beliebt ist auch [&hellip;]<\/p>\n","protected":false},"author":1,"featured_media":0,"parent":4,"menu_order":30,"comment_status":"closed","ping_status":"closed","template":"","meta":{"footnotes":""},"_links":{"self":[{"href":"https:\/\/laufclub-worb.ch\/index.php?rest_route=\/wp\/v2\/pages\/318"}],"collection":[{"href":"https:\/\/laufclub-worb.ch\/index.php?rest_route=\/wp\/v2\/pages"}],"about":[{"href":"https:\/\/laufclub-worb.ch\/index.php?rest_route=\/wp\/v2\/types\/page"}],"author":[{"embeddable":true,"href":"https:\/\/laufclub-worb.ch\/index.php?rest_route=\/wp\/v2\/users\/1"}],"replies":[{"embeddable":true,"href":"https:\/\/laufclub-worb.ch\/index.php?rest_route=%2Fwp%2Fv2%2Fcomments&post=318"}],"version-history":[{"count":14,"href":"https:\/\/laufclub-worb.ch\/index.php?rest_route=\/wp\/v2\/pages\/318\/revisions"}],"predecessor-version":[{"id":1553,"href":"https:\/\/laufclub-worb.ch\/index.php?rest_route=\/wp\/v2\/pages\/318\/revisions\/1553"}],"up":[{"embeddable":true,"href":"https:\/\/laufclub-worb.ch\/index.php?rest_route=\/wp\/v2\/pages\/4"}],"wp:attachment":[{"href":"https:\/\/laufclub-worb.ch\/index.php?rest_route=%2Fwp%2Fv2%2Fmedia&parent=318"}],"curies":[{"name":"wp","href":"https:\/\/api.w.org\/{rel}","templated":true}]}}