{"id":4,"date":"2009-05-10T21:46:34","date_gmt":"2009-05-10T19:46:34","guid":{"rendered":"http:\/\/laufclub-worb.ch\/b\/?page_id=4"},"modified":"2026-02-23T20:57:34","modified_gmt":"2026-02-23T18:57:34","slug":"startseite","status":"publish","type":"page","link":"https:\/\/laufclub-worb.ch\/","title":{"rendered":"Willkommen"},"content":{"rendered":"<p>Im Laufclub Worb treffen sich seit 35 Jahren aktive L\u00e4uferInnen zum gemeinsamen Training. Im Sommer stehen das Lauftraining draussen und die Teilnahme an diversen L\u00e4ufen im Vordergrund. In den Wintermonaten f\u00f6rdern wir durch ein erg\u00e4nzendes Hallentraining Kraft und Koordination.<\/p>\n<p>Das Niveau reicht von reinen Plausch-SportlerInnen bis hin zu ambitionierteren Marathon- und Berg-L\u00e4uferInnen. Daneben kommt bei diversen Anl\u00e4ssen auch das Gesellige nicht zu kurz. Zwischendurch wechseln wir auch mal von den Laufschuhen aufs Velo, die Ski oder ins Wasser.<\/p>\n<h3>Training<\/h3>\n<p>Das Training findet jeweils am Mittwochabend statt und dauert meist zwischen 60-90 Minuten. Besammlung ist jeweils um 18:45 beim Schulhaus Zentrum, Bahnhofstrasse 3, 3076 Worb<\/p>\n<h3>Jahresprogramm 2026<\/h3>\n<p>Hier findest du unser <a href=\"https:\/\/laufclub-worb.ch\/b\/wp-content\/uploads\/2026\/02\/Jahresprogramm-2026.pdf\">Jahresprogramm 2026<\/a>.<\/p>\n<h3>Mitmachen<\/h3>\n<p>Neumitglieder sind jederzeit willkommen! Melde dich doch oder komme einfach ganz unverbindlich vorbei.<\/p>\n<h3>Kontakt<\/h3>\n<p><strong>Stefan Rebsamen<\/strong><br \/>Engehaldenstrasse 196A<br \/>3004 Bern<br \/>078 895 32 90<br \/><a href=\"mailto:stefan.rebsamen@gmail.com\">stefan.rebsamen@gmail.com<\/a><\/p>\n<p><a href=\"http:\/\/laufclub-worb.ch\/b\/wp-content\/uploads\/2019\/08\/2019-08-21_4.jpeg\" rel=\"lightbox[4]\"><img loading=\"lazy\" decoding=\"async\" class=\"alignleft size-medium wp-image-1548\" src=\"http:\/\/laufclub-worb.ch\/b\/wp-content\/uploads\/2019\/08\/2019-08-21_4-300x241.jpeg\" alt=\"2019-08-21_4\" width=\"300\" height=\"241\" srcset=\"https:\/\/laufclub-worb.ch\/b\/wp-content\/uploads\/2019\/08\/2019-08-21_4-300x241.jpeg 300w, https:\/\/laufclub-worb.ch\/b\/wp-content\/uploads\/2019\/08\/2019-08-21_4-1024x823.jpeg 1024w, https:\/\/laufclub-worb.ch\/b\/wp-content\/uploads\/2019\/08\/2019-08-21_4.jpeg 1165w\" sizes=\"(max-width: 300px) 100vw, 300px\" \/><\/a><\/p>\n\n\n<p><\/p>\n","protected":false},"excerpt":{"rendered":"<p>Im Laufclub Worb treffen sich seit 35 Jahren aktive L\u00e4uferInnen zum gemeinsamen Training. Im Sommer stehen das Lauftraining draussen und die Teilnahme an diversen L\u00e4ufen im Vordergrund. In den Wintermonaten f\u00f6rdern wir durch ein erg\u00e4nzendes Hallentraining Kraft und Koordination. Das Niveau reicht von reinen Plausch-SportlerInnen bis hin zu ambitionierteren Marathon- und Berg-L\u00e4uferInnen. Daneben kommt bei [&hellip;]<\/p>\n","protected":false},"author":1,"featured_media":0,"parent":0,"menu_order":0,"comment_status":"closed","ping_status":"closed","template":"","meta":{"footnotes":""},"_links":{"self":[{"href":"https:\/\/laufclub-worb.ch\/index.php?rest_route=\/wp\/v2\/pages\/4"}],"collection":[{"href":"https:\/\/laufclub-worb.ch\/index.php?rest_route=\/wp\/v2\/pages"}],"about":[{"href":"https:\/\/laufclub-worb.ch\/index.php?rest_route=\/wp\/v2\/types\/page"}],"author":[{"embeddable":true,"href":"https:\/\/laufclub-worb.ch\/index.php?rest_route=\/wp\/v2\/users\/1"}],"replies":[{"embeddable":true,"href":"https:\/\/laufclub-worb.ch\/index.php?rest_route=%2Fwp%2Fv2%2Fcomments&post=4"}],"version-history":[{"count":113,"href":"https:\/\/laufclub-worb.ch\/index.php?rest_route=\/wp\/v2\/pages\/4\/revisions"}],"predecessor-version":[{"id":1787,"href":"https:\/\/laufclub-worb.ch\/index.php?rest_route=\/wp\/v2\/pages\/4\/revisions\/1787"}],"wp:attachment":[{"href":"https:\/\/laufclub-worb.ch\/index.php?rest_route=%2Fwp%2Fv2%2Fmedia&parent=4"}],"curies":[{"name":"wp","href":"https:\/\/api.w.org\/{rel}","templated":true}]}}